{"id":6,"date":"2021-03-04T13:05:45","date_gmt":"2021-03-04T13:05:45","guid":{"rendered":"http:\/\/soyclimber.es\/?page_id=6"},"modified":"2022-10-25T11:52:30","modified_gmt":"2022-10-25T11:52:30","slug":"bienvenido","status":"publish","type":"page","link":"https:\/\/soyclimber.es\/","title":{"rendered":"Bienvenido"},"content":{"rendered":"<a class=\"tcb-logo thrv_wrapper\" data-css=\"tve-u-177fd755def\" data-img-style=\"width: 100%;\" class=\"\"><img loading=\"lazy\" decoding=\"async\" src=\"https:\/\/soyclimber.es\/wp-content\/uploads\/2021\/03\/logo-vertical-outline.png\" height=\"1062\" width=\"1277\" alt=\"soyClimber.es\" style=\"width: 100%;\"><\/img><\/a>\n<h2 style=\"text-align: center;\"><!--StartFragment--><!--StartFragment--><!--StartFragment--><!--StartFragment--><strong>Un <span style=\"color: var(--tcb-tpl-color-3);\">para\u00edso natural<\/span> en la <span style=\"color: var(--tcb-tpl-color-3);\">Sierra del Pozo<\/span><\/strong><!--EndFragment--><!--EndFragment--><!--EndFragment--><!--EndFragment--><\/h2>\n<p style=\"text-align: center;\"><!--StartFragment--><!--StartFragment--><span style=\"color: var(--tcb-tpl-color-3);\">La Sierra del Pozo se localiza en Ja\u00e9n, junto a la localidad de Pozo Alc\u00f3n, en Espa\u00f1a.&nbsp;<\/span><\/p>\n<p style=\"text-align: center;\"><span style=\"color: var(--tcb-tpl-color-3);\"><\/span><\/p>\n<p style=\"text-align: center;\"><span style=\"color: var(--tcb-tpl-color-3);\">La Sierra de Pozo Alc\u00f3n forma parte del<strong>&nbsp;Parque Natural de las Sierras de Cazorla, Segura y Las Villas. <\/strong>Protegida doblemente por la UNESCO, tiene un incalculable valor ecol\u00f3gico y paisaj\u00edstico.<\/span><\/p>\n<p style=\"text-align: center;\">\n<p style=\"text-align: center;\"><span style=\"color: var(--tcb-tpl-color-3);\">Adem\u00e1s, la Sierra del Pozo y sus r\u00edos y pantanos colindantes son el lugar perfecto donde experimentar tu siguiente aventura en la naturaleza, sea cual sea tu edad o condici\u00f3n f\u00edsica.<\/span><\/p>\n<p style=\"text-align: center;\">\n<p style=\"text-align: center;\"><span style=\"color: var(--tcb-tpl-color-3);\">!Ad\u00e9ntrate en este entorno \u00fanico, donde lago y monta\u00f1a se funden en un paraje milenario de gran belleza!<\/span><\/p>\n<p style=\"text-align: center;\">\n<p style=\"text-align: center;\"><!--EndFragment--><!--EndFragment--><\/p>\n<p><!--StartFragment--><\/p>\n<h2><strong>soyClimber<\/strong> es para ti<\/h2>\n<p><!--EndFragment--><\/p>\n<p><!--StartFragment-->Somos como t\u00fa, personas que observamos la vida desde otro enfoque, desde otra perspectiva y siempre en busca de nuevas emociones y experiencias. Somos conscientes de la importancia del cuidado y respeto por el medio ambiente, por eso priorizamos y cuidamos de cada detalle para poder disfrutar de todas nuestras actividades de aventura en la naturaleza de una forma segura ysostenible. Destacar adem\u00e1s nuestra gran profesionalidad e implicaci\u00f3n hacia vuestro disfrute.<!--EndFragment--><\/p>\n<h3><strong>CONECTA CON LA NATURALEZA<!--EndFragment--><\/strong><\/h3>\n<p><!--StartFragment--><!--EndFragment--><\/p>\n<h3><strong>ACTIVIDADES PARA TODOS<!--EndFragment--><\/strong><\/h3>\n<p><!--StartFragment-->Nuestras actividades incluyen emoci\u00f3n y deporte para los m\u00e1s arriesgados, pero tambi\u00e9n abarcamos un amplio espectro de intensidades para los que quieran relajarse en la naturaleza.<!--EndFragment--><\/p>\n<h3 style=\"\"><strong>GU\u00cdA LOCAL TITULADO<!--EndFragment--><\/strong><\/h3>\n<p><!--StartFragment-->Contamos con las mejor preparaci\u00f3n para ofrecerte nuestras actividades de forma segura y adaptada.<\/p>\n<p>\u00a1Y conocemos la Sierra del Pozo como pocos!<!--EndFragment--><\/p>\n<h2 style=\"\"><strong>Aventuras para todos los niveles<\/strong><\/h2>\n<p><span style=\"\"><img decoding=\"async\" alt=\"\" data-id=\"209\" width=\"317\" data-init-width=\"585\" height=\"409\" data-init-height=\"754\" title=\"g-senderismo-1\" loading=\"lazy\" src=\"\/\/soyclimber.es\/wp-content\/uploads\/2021\/03\/g-senderismo-1.jpg\" data-width=\"317\" data-height=\"409\" style=\"\" ml-d=\"0\" mt-d=\"-53\" center-v-d=\"false\"><\/span><\/p>\n<h4><strong>SENDERISMO<\/strong><\/h4>\n<p style=\"text-align: left;\">Descubre rutas fascinantes para todos los niveles. Experimentar\u00e1s paisajes que te dejar\u00e1n sin aliento por su belleza. Y podr\u00edas ver muchos de los animales en su h\u00e1bitat natural, \u00a1algunos de ellos raros y protegidos!<\/p>\n<p><span style=\"\"><img decoding=\"async\" alt=\"\" data-id=\"222\" width=\"317\" data-init-width=\"881\" height=\"357\" data-init-height=\"993\" title=\"acampada-1\" loading=\"lazy\" src=\"\/\/soyclimber.es\/wp-content\/uploads\/2021\/03\/acampada-1.jpg\" data-width=\"317\" data-height=\"357\" style=\"\" ml-d=\"-0.8810000000000286\" mt-d=\"-2.002999999999986\"><\/span><\/p>\n<h4 style=\"\"><strong>PERNOCTAS<\/strong><\/h4>\n<p style=\"text-align: left;\">Disfruta de una noche en un hotel de 300.000 millones de estrellas a la luz de la luna, con la m\u00fasica de la naturaleza.<\/p>\n<p style=\"text-align: left;\">\u00a1Te proveemos todo el material que necesitas para tu comodidad y seguridad!<\/p>\n<p><span style=\"\"><img decoding=\"async\" alt=\"\" data-id=\"223\" width=\"346\" data-init-width=\"894\" height=\"349\" data-init-height=\"903\" title=\"hiking-3\" loading=\"lazy\" src=\"\/\/soyclimber.es\/wp-content\/uploads\/2021\/03\/hiking-3.jpg\" data-width=\"346\" data-height=\"349\" style=\"\" ml-d=\"0\" center-h-d=\"false\"><\/span><\/p>\n<h4><strong>TREKKING<\/strong><\/h4>\n<p style=\"text-align: left;\">Ad\u00e9ntrate en rutas que se realizan por caminos salvajes y sin se\u00f1alizar, o directamente por lugares donde no existe el camino. Ponte a prueba con nuestras rutas, normalmente con grado de dificultad medio\/alto.<\/p>\n<p><span><img decoding=\"async\" alt=\"\" data-id=\"79\" width=\"317\" data-init-width=\"893\" height=\"353\" data-init-height=\"994\" title=\"kayak-2\" loading=\"lazy\" src=\"\/\/soyclimber.es\/wp-content\/uploads\/2021\/03\/kayak-2.jpg\" data-width=\"317\" data-height=\"353\"><\/span><\/p>\n<h4 style=\"\"><strong>KAYAK \u00b7 PIRAG\u00dcISMO<\/strong><\/h4>\n<p style=\"text-align: left;\">Navega las aguas del embalse de La Bolera de forma guiada, ofreci\u00e9ndote el privilegio de descubrir los lugares mas in\u00e9ditos del embalse de La Bolera de la forma m\u00e1s divertida y din\u00e1mica.Una experiencia que no puedes dejar escapar en uno de los mejores entornos de Europa<\/p>\n<p><span style=\"\"><img decoding=\"async\" alt=\"\" data-id=\"263\" width=\"483\" data-init-width=\"1920\" height=\"644\" data-init-height=\"2560\" title=\"20200810_121830\" loading=\"lazy\" src=\"\/\/soyclimber.es\/wp-content\/uploads\/2021\/04\/20200810_121830-scaled.jpg\" data-width=\"483\" data-height=\"644\" style=\"\" ml-d=\"0\" center-h-d=\"false\" mt-d=\"-7.620999999999981\"><\/span><\/p>\n<h4><strong>TIROLINA<\/strong><\/h4>\n<p style=\"text-align: left;\">\u00a1Una de nuestras favoritas!<\/p>\n<p style=\"text-align: left;\">Disfruta de nuestro incre\u00edble entorno descendiendo en la tirolina m\u00e1s grande de Andaluc\u00eda, con una longitud de unos 700m.<\/p>\n<p style=\"text-align: left;\">\n<p style=\"text-align: left;\">Descarga nuestro Dossier para consultar toda la informaci\u00f3n sobre nuestra tirolina.<\/p>\n<h2 style=\"text-align: center;\"><strong>INF\u00d3RMATE SIN COMPROMISO<\/strong><\/h2>\n<p><span style=\"\"><img decoding=\"async\" alt=\"\" data-id=\"92\" width=\"399\" data-init-width=\"926\" height=\"354\" data-init-height=\"820\" title=\"espeleologia-1\" loading=\"lazy\" src=\"\/\/soyclimber.es\/wp-content\/uploads\/2021\/03\/espeleologia-1.jpg\" data-width=\"399\" data-height=\"354\" style=\"\" ml-d=\"-2.841000000000008\"><\/span><\/p>\n<h4><strong>ESPELEOLOG\u00cdA<\/strong><\/h4>\n<p style=\"text-align: left;\">Exploraci\u00f3n de la misteriosa cuevadel Arroyo de la Rambla. Una gran galer\u00eda de m\u00e1s de 1km de longitud con ascensos y descensos a distintas salas, algunas de ellas de colosales dimensiones.Descubre lagos subterr\u00e1neos, cascadas,inmensas coladas ypaisajes subterr\u00e1neos \u00fanicos.<\/p>\n<p><span style=\"\"><img decoding=\"async\" alt=\"\" data-id=\"262\" width=\"473\" data-init-width=\"2560\" height=\"355\" data-init-height=\"1920\" title=\"slack line\" loading=\"lazy\" src=\"\/\/soyclimber.es\/wp-content\/uploads\/2021\/04\/slack-line-scaled.jpg\" data-width=\"473\" data-height=\"355\" style=\"\" mt-d=\"0\" center-v-d=\"false\" ml-d=\"-10\" center-h-d=\"false\"><\/span><\/p>\n<h4 style=\"\"><strong>Slackline<\/strong><\/h4>\n<p style=\"text-align: left;\">\u00bfQuieres poner a prueba tu equilibrio? La slackline consiste en progresar por una cinta plana suspendida en el aire. Este deporte ayuda a mejorar la concentraci\u00f3n, el equilibrio y te ense\u00f1a a calmar la mente, entre otros beneficios.<\/p>\n<p><span style=\"\"><img decoding=\"async\" alt=\"\" data-id=\"43\" width=\"342\" data-init-width=\"839\" height=\"353\" data-init-height=\"864\" title=\"climbing-1\" loading=\"lazy\" src=\"\/\/soyclimber.es\/wp-content\/uploads\/2021\/03\/climbing-1.jpg\" data-width=\"342\" data-height=\"353\" style=\"\" ml-d=\"-2.244000000000028\"><\/span><\/p>\n<h4><strong>ESCALADA<\/strong><\/h4>\n<p style=\"text-align: left;\">Asciende y recorre espectaculares paredes de roca caliza, desfiladeros naturales, laderas escarpadas y otros relieves.<\/p>\n<p style=\"text-align: left;\">\n<p style=\"text-align: left;\">Hay una enorme variedad, con muchos grados de verticalidad.<\/p>\n<h2 style=\"text-align: center;\"><strong>Temporada 2022<\/strong><\/h2>\n<p style=\"text-align: center;\"><strong>Las reservas para la temporada 2022 ya est\u00e1n abiertas.<\/strong><\/p>\n<p style=\"text-align: center;\"><strong>\u00a1Reserva tu plaza ahora o haznos llegar cualquier pregunta que tengas!<\/strong><\/p>\n<p><span style=\"\"><img decoding=\"async\" alt=\"\" data-id=\"179\" width=\"600\" data-init-width=\"920\" height=\"603\" data-init-height=\"924\" title=\"excursion-1\" loading=\"lazy\" src=\"\/\/soyclimber.es\/wp-content\/uploads\/2021\/03\/excursion-1.jpg\" data-width=\"600\" data-height=\"603\" mt-d=\"0\" style=\"\" ml-d=\"0\" center-v-d=\"false\"><\/span><\/p>\n<p style=\"text-align: center;\"><strong>Si lo prefieres, descarga nuestro PDF y consulta con m\u00e1s detalle todas las actividades que te ofrecemos y sus precios<\/strong><\/p>\n<h2 style=\"\"><strong>DISE\u00d1A TU PACK MULTIAVENTURA<\/strong><\/h2>\n<p style=\"\"><strong><span style=\"color: var(--tcb-tpl-color-3);\">\u00bfQuieres vivir una experiencia inolvidable?<\/span><\/strong>Avent\u00farate y disfruta del deporte de monta\u00f1a en su estado m\u00e1s puro, conectando al m\u00e1ximocon la naturaleza, descubriendo sus secretos m\u00e1s ocultos e impresionantes.Para ello te proponemos que escojas las actividades que m\u00e1s te gusten y nosotros nosencargaremos de ofrecerte el mejor precio. Preg\u00fantanos sin compromiso.\u00a1No lo dejes escapar!<\/p>\n<h4 style=\"\"><strong>POR EJEMPLO<\/strong><\/h4>\n<ol>\n<li><strong>TIROLINA2. KAYACS GUIADOS3. TREKKING<\/strong><\/li>\n<\/ol>\n<p><span style=\"\"><img decoding=\"async\" alt=\"\" data-id=\"229\" width=\"655\" data-init-width=\"606\" height=\"868\" data-init-height=\"804\" title=\"multiav\" loading=\"lazy\" src=\"\/\/soyclimber.es\/wp-content\/uploads\/2021\/03\/multiav.jpg\" data-width=\"655\" data-height=\"868\" style=\"\" mt-d=\"-284\" center-v-d=\"false\"><\/span><\/p>\n<h3 style=\"\">\u00abSi realmente amas la naturaleza, encontrar\u00e1s la belleza en todas partes\u00bb<\/h3>\n<h2 style=\"\"><strong>Tu pr\u00f3xima aventura te espera<\/strong><\/h2>\n<h4 style=\"\"><strong>Cont\u00e1ctanos sin compromiso<\/strong><\/h4>\n<p><a href=\"tel:+34677302533\" rel=\"noopener\" target=\"_blank\"><\/p>\n<h1 style=\"text-align: center;\"><strong>+34 677302533<\/strong><\/h1>\n<p><\/a><a href=\"mailto:SoyClimber@gmail.com\" rel=\"\"><\/p>\n<h1 style=\"text-align: center;\"><strong>SoyClimber@gmail.com<\/strong><\/h1>\n<p><\/a><\/p>\n<h2 style=\"\"><strong>Dossier de Actividades en PDF<\/strong><\/h2>\n<p style=\"text-align: center;\">\u00bfQuieres saber m\u00e1s sobre nuestras actividades y precios? Descarga nuestro PDF actualizado a 2022 y cons\u00faltalo en cualquier momento.&nbsp;<\/p>\n<p style=\"text-align: center;\">\u00a1Tambi\u00e9n puedes llamarnos o escribirnos y te respondemos al instante!<\/p>\n<h2 style=\"text-align: center;\"><!--StartFragment--><!--StartFragment--><strong>Inscripci\u00f3n online<\/strong><!--EndFragment--><!--EndFragment--><\/h2>\n<p style=\"text-align: center;\">\u00a1No te lo pienses m\u00e1s! Escr\u00edbenos con los datos de los participantes, las actividades que quieres llevar a cabo, y las fechas que deseas reservar para ello. Puedes poner un periodo de fechas aproximado que os venga bien, si lo deseas.En todos los casos, \u00a1nosotros te contactaremos para confirmar la reserva!<\/p>\n<p style=\"\">Al enviar el formulario de Inscripci\u00f3n Online aceptas el tratamiento de tus datos seg\u00fan recoge la Ley Org\u00e1nica 3\/2018 de Protecci\u00f3n de Datos Personales y garant\u00eda de los derechos digitales.Tienes derecho a rectificaci\u00f3n, eliminaci\u00f3n y consulta de tus datos en todo momento, simplemente escribi\u00e9ndonos a <span style=\"color: rgb(69, 240, 147);\"><a href=\"mailto:SoyClimber@gmail.com\" target=\"_blank\" rel=\"nofollow noopener\"><strong>S<\/strong><strong>oyClimber@gmail.com<\/strong><\/a><\/span>.<\/p>\n<p style=\"text-align: justify;\">Antes de comenzar la actividad, te enviaremos una serie de documentos que todos los participantes (mayores de 18 a\u00f1os o sus representantes legales) deber\u00e1n aceptar y devolver firmados el d\u00eda de la actividad.&nbsp;<\/p>\n<p style=\"text-align: justify;\">Estos documentos contienen informaci\u00f3n importante sobre las&nbsp;<strong>medidas COVID <\/strong>que deber\u00e1n respetarse durante todas las actividades, as\u00ed como de conformidad con el tratamiento de vuestros datos personales de acuerdo a la GDPR Europea y la Ley Org\u00e1nica 3\/2018.<\/p>\n","protected":false},"excerpt":{"rendered":"<p>Un para\u00edso natural en la Sierra del Pozo La Sierra del Pozo se localiza en Ja\u00e9n, junto a la localidad de Pozo Alc\u00f3n, en Espa\u00f1a.&nbsp; La Sierra de Pozo Alc\u00f3n forma parte del&nbsp;Parque Natural de las Sierras de Cazorla, Segura y Las Villas. Protegida doblemente por la UNESCO, tiene un incalculable valor ecol\u00f3gico y paisaj\u00edstico. <a href=\"https:\/\/soyclimber.es\/\" class=\"more-link\">&#8230;<\/a><\/p>\n","protected":false},"author":1,"featured_media":0,"parent":0,"menu_order":0,"comment_status":"closed","ping_status":"closed","template":"","meta":{"footnotes":""},"_links":{"self":[{"href":"https:\/\/soyclimber.es\/index.php\/wp-json\/wp\/v2\/pages\/6"}],"collection":[{"href":"https:\/\/soyclimber.es\/index.php\/wp-json\/wp\/v2\/pages"}],"about":[{"href":"https:\/\/soyclimber.es\/index.php\/wp-json\/wp\/v2\/types\/page"}],"author":[{"embeddable":true,"href":"https:\/\/soyclimber.es\/index.php\/wp-json\/wp\/v2\/users\/1"}],"replies":[{"embeddable":true,"href":"https:\/\/soyclimber.es\/index.php\/wp-json\/wp\/v2\/comments?post=6"}],"version-history":[{"count":220,"href":"https:\/\/soyclimber.es\/index.php\/wp-json\/wp\/v2\/pages\/6\/revisions"}],"predecessor-version":[{"id":369,"href":"https:\/\/soyclimber.es\/index.php\/wp-json\/wp\/v2\/pages\/6\/revisions\/369"}],"wp:attachment":[{"href":"https:\/\/soyclimber.es\/index.php\/wp-json\/wp\/v2\/media?parent=6"}],"curies":[{"name":"wp","href":"https:\/\/api.w.org\/{rel}","templated":true}]}}